{"id":40,"date":"2023-02-23T13:12:02","date_gmt":"2023-02-23T12:12:02","guid":{"rendered":"https:\/\/www.fasecm.com\/?page_id=40"},"modified":"2024-05-21T11:26:59","modified_gmt":"2024-05-21T09:26:59","slug":"arquitectura-i-construccio","status":"publish","type":"page","link":"https:\/\/faseconstrucciodecases.com\/en\/arquitectura-i-construccio\/","title":{"rendered":"about us"},"content":{"rendered":"<div data-elementor-type=\"wp-page\" data-elementor-id=\"40\" class=\"elementor elementor-40\" data-elementor-post-type=\"page\">\n\t\t\t\t<div class=\"elementor-element elementor-element-b12b8d1 e-con-full e-flex e-con e-parent\" data-id=\"b12b8d1\" data-element_type=\"container\" data-e-type=\"container\" data-settings=\"{&quot;background_background&quot;:&quot;classic&quot;}\">\n\t\t\t\t<\/div>\n\t\t\t\t<section class=\"elementor-section elementor-top-section elementor-element elementor-element-b286a60 elementor-section-boxed elementor-section-height-default elementor-section-height-default\" data-id=\"b286a60\" data-element_type=\"section\" data-e-type=\"section\">\n\t\t\t\t\t\t<div class=\"elementor-container elementor-column-gap-default\">\n\t\t\t\t\t<div class=\"elementor-column elementor-col-100 elementor-top-column elementor-element elementor-element-e9b9c64\" data-id=\"e9b9c64\" data-element_type=\"column\" data-e-type=\"column\">\n\t\t\t<div class=\"elementor-widget-wrap elementor-element-populated\">\n\t\t\t\t\t\t<div class=\"elementor-element elementor-element-a10eb0a elementor-widget elementor-widget-heading\" data-id=\"a10eb0a\" data-element_type=\"widget\" data-e-type=\"widget\" data-widget_type=\"heading.default\">\n\t\t\t\t<div class=\"elementor-widget-container\">\n\t\t\t\t\t<h1 class=\"elementor-heading-title elementor-size-default\">ARCHITECTURE AND CONSTRUCTION<\/h1>\t\t\t\t<\/div>\n\t\t\t\t<\/div>\n\t\t\t\t<div class=\"elementor-element elementor-element-d9113ed elementor-invisible elementor-widget elementor-widget-heading\" data-id=\"d9113ed\" data-element_type=\"widget\" data-e-type=\"widget\" data-settings=\"{&quot;_animation&quot;:&quot;fadeInDown&quot;}\" data-widget_type=\"heading.default\">\n\t\t\t\t<div class=\"elementor-widget-container\">\n\t\t\t\t\t<h2 class=\"elementor-heading-title elementor-size-default\">At Fase, we are committed to a relationship of full trust<\/h2>\t\t\t\t<\/div>\n\t\t\t\t<\/div>\n\t\t\t\t<div class=\"elementor-element elementor-element-097c3d6 elementor-invisible elementor-widget elementor-widget-text-editor\" data-id=\"097c3d6\" data-element_type=\"widget\" data-e-type=\"widget\" data-settings=\"{&quot;_animation&quot;:&quot;fadeIn&quot;,&quot;_animation_delay&quot;:700}\" data-widget_type=\"text-editor.default\">\n\t\t\t\t<div class=\"elementor-widget-container\">\n\t\t\t\t\t\t\t\t\t<p>At Fase, we are committed to a relationship of full trust\nBecause we understand that most of the time it is not easy to know all the processes, regulations, and professionals, the best option is to hire us. This way, you will feel the peace of mind of being able to share your doubts and needs with us, and we will be able to accompany and guide you to build your ideal home. We are constantly training in architecture and construction to offer you the best <a href=\"\/en\/constructor\/\">service<\/a>.<\/p>\t\t\t\t\t\t\t\t<\/div>\n\t\t\t\t<\/div>\n\t\t\t\t<div class=\"elementor-element elementor-element-e1964e6 elementor-view-default elementor-invisible elementor-widget elementor-widget-icon\" data-id=\"e1964e6\" data-element_type=\"widget\" data-e-type=\"widget\" data-settings=\"{&quot;_animation&quot;:&quot;zoomIn&quot;}\" data-widget_type=\"icon.default\">\n\t\t\t\t<div class=\"elementor-widget-container\">\n\t\t\t\t\t\t\t<div class=\"elementor-icon-wrapper\">\n\t\t\t<a class=\"elementor-icon\" href=\"https:\/\/www.instagram.com\/fasecm\/\" target=\"_blank\" rel=\"noopener\">\n\t\t\t<svg xmlns=\"http:\/\/www.w3.org\/2000\/svg\" id=\"a\" width=\"47.89\" height=\"53.87\" viewbox=\"0 0 47.89 53.87\"><path d=\"M35.66,15.61c-1.94-4.06-5.95-6.59-10.45-6.59-.17,0-.33,0-.49,.02-.16,0-.33-.02-.49-.02-4.5,0-8.51,2.52-10.45,6.59l-.13,.28-1.68,34.95h25.53l-1.68-34.95-.13-.28Z\"><\/path><\/svg>\t\t\t<\/a>\n\t\t<\/div>\n\t\t\t\t\t\t<\/div>\n\t\t\t\t<\/div>\n\t\t\t\t\t<\/div>\n\t\t<\/div>\n\t\t\t\t\t<\/div>\n\t\t<\/section>\n\t\t<div class=\"elementor-element elementor-element-e73651b e-con-full e-flex e-con e-parent\" data-id=\"e73651b\" data-element_type=\"container\" data-e-type=\"container\">\n\t\t<div class=\"elementor-element elementor-element-965df90 e-con-full e-flex e-con e-child\" data-id=\"965df90\" data-element_type=\"container\" data-e-type=\"container\" data-settings=\"{&quot;background_background&quot;:&quot;classic&quot;}\">\n\t\t\t\t<\/div>\n\t\t<div class=\"elementor-element elementor-element-cc9dcf8 e-con-full e-flex e-con e-child\" data-id=\"cc9dcf8\" data-element_type=\"container\" data-e-type=\"container\">\n\t\t<div class=\"elementor-element elementor-element-ee11617 e-flex e-con-boxed e-con e-child\" data-id=\"ee11617\" data-element_type=\"container\" data-e-type=\"container\">\n\t\t\t\t\t<div class=\"e-con-inner\">\n\t\t<div class=\"elementor-element elementor-element-dbbc05f e-con-full e-flex e-con e-child\" data-id=\"dbbc05f\" data-element_type=\"container\" data-e-type=\"container\">\n\t\t\t\t<div class=\"elementor-element elementor-element-2c4aea3 elementor-position-top elementor-widget elementor-widget-image-box\" data-id=\"2c4aea3\" data-element_type=\"widget\" data-e-type=\"widget\" data-widget_type=\"image-box.default\">\n\t\t\t\t<div class=\"elementor-widget-container\">\n\t\t\t\t\t<div class=\"elementor-image-box-wrapper\"><figure class=\"elementor-image-box-img\"><img fetchpriority=\"high\" decoding=\"async\" width=\"1707\" height=\"2560\" src=\"https:\/\/faseconstrucciodecases.com\/wp-content\/uploads\/2024\/05\/Eduard-Serra-Gerent-i-Arquitecte-scaled.jpg\" class=\"attachment-full size-full wp-image-1241\" alt=\"\" srcset=\"https:\/\/faseconstrucciodecases.com\/wp-content\/uploads\/2024\/05\/Eduard-Serra-Gerent-i-Arquitecte-scaled.jpg 1707w, https:\/\/faseconstrucciodecases.com\/wp-content\/uploads\/2024\/05\/Eduard-Serra-Gerent-i-Arquitecte-200x300.jpg 200w, https:\/\/faseconstrucciodecases.com\/wp-content\/uploads\/2024\/05\/Eduard-Serra-Gerent-i-Arquitecte-683x1024.jpg 683w, https:\/\/faseconstrucciodecases.com\/wp-content\/uploads\/2024\/05\/Eduard-Serra-Gerent-i-Arquitecte-768x1152.jpg 768w, https:\/\/faseconstrucciodecases.com\/wp-content\/uploads\/2024\/05\/Eduard-Serra-Gerent-i-Arquitecte-1024x1536.jpg 1024w, https:\/\/faseconstrucciodecases.com\/wp-content\/uploads\/2024\/05\/Eduard-Serra-Gerent-i-Arquitecte-1365x2048.jpg 1365w, https:\/\/faseconstrucciodecases.com\/wp-content\/uploads\/2024\/05\/Eduard-Serra-Gerent-i-Arquitecte-8x12.jpg 8w\" sizes=\"(max-width: 1707px) 100vw, 1707px\" \/><\/figure><div class=\"elementor-image-box-content\"><h3 class=\"elementor-image-box-title\">Eduard Serra<\/h3><p class=\"elementor-image-box-description\">Manager and architect<\/p><\/div><\/div>\t\t\t\t<\/div>\n\t\t\t\t<\/div>\n\t\t\t\t<\/div>\n\t\t<div class=\"elementor-element elementor-element-6421ab2 e-con-full e-flex e-con e-child\" data-id=\"6421ab2\" data-element_type=\"container\" data-e-type=\"container\">\n\t\t\t\t<div class=\"elementor-element elementor-element-df7ab52 elementor-position-top elementor-widget elementor-widget-image-box\" data-id=\"df7ab52\" data-element_type=\"widget\" data-e-type=\"widget\" data-widget_type=\"image-box.default\">\n\t\t\t\t<div class=\"elementor-widget-container\">\n\t\t\t\t\t<div class=\"elementor-image-box-wrapper\"><figure class=\"elementor-image-box-img\"><img decoding=\"async\" width=\"1706\" height=\"2560\" src=\"https:\/\/faseconstrucciodecases.com\/wp-content\/uploads\/2024\/05\/Cristina-Fabrega-Cap-comunicacio-i-disseny-dinteriors-scaled.jpg\" class=\"attachment-full size-full wp-image-1240\" alt=\"\" srcset=\"https:\/\/faseconstrucciodecases.com\/wp-content\/uploads\/2024\/05\/Cristina-Fabrega-Cap-comunicacio-i-disseny-dinteriors-scaled.jpg 1706w, https:\/\/faseconstrucciodecases.com\/wp-content\/uploads\/2024\/05\/Cristina-Fabrega-Cap-comunicacio-i-disseny-dinteriors-200x300.jpg 200w, https:\/\/faseconstrucciodecases.com\/wp-content\/uploads\/2024\/05\/Cristina-Fabrega-Cap-comunicacio-i-disseny-dinteriors-683x1024.jpg 683w, https:\/\/faseconstrucciodecases.com\/wp-content\/uploads\/2024\/05\/Cristina-Fabrega-Cap-comunicacio-i-disseny-dinteriors-768x1152.jpg 768w, https:\/\/faseconstrucciodecases.com\/wp-content\/uploads\/2024\/05\/Cristina-Fabrega-Cap-comunicacio-i-disseny-dinteriors-1024x1536.jpg 1024w, https:\/\/faseconstrucciodecases.com\/wp-content\/uploads\/2024\/05\/Cristina-Fabrega-Cap-comunicacio-i-disseny-dinteriors-1365x2048.jpg 1365w, https:\/\/faseconstrucciodecases.com\/wp-content\/uploads\/2024\/05\/Cristina-Fabrega-Cap-comunicacio-i-disseny-dinteriors-8x12.jpg 8w\" sizes=\"(max-width: 1706px) 100vw, 1706px\" \/><\/figure><div class=\"elementor-image-box-content\"><h3 class=\"elementor-image-box-title\">Cristina F\u00e0brega<\/h3><p class=\"elementor-image-box-description\">Head of communication and interior designer<\/p><\/div><\/div>\t\t\t\t<\/div>\n\t\t\t\t<\/div>\n\t\t\t\t<\/div>\n\t\t<div class=\"elementor-element elementor-element-de471ec e-con-full e-flex e-con e-child\" data-id=\"de471ec\" data-element_type=\"container\" data-e-type=\"container\">\n\t\t\t\t<div class=\"elementor-element elementor-element-4747d68 elementor-position-top elementor-widget elementor-widget-image-box\" data-id=\"4747d68\" data-element_type=\"widget\" data-e-type=\"widget\" data-widget_type=\"image-box.default\">\n\t\t\t\t<div class=\"elementor-widget-container\">\n\t\t\t\t\t<div class=\"elementor-image-box-wrapper\"><figure class=\"elementor-image-box-img\"><img decoding=\"async\" width=\"1707\" height=\"2560\" src=\"https:\/\/faseconstrucciodecases.com\/wp-content\/uploads\/2024\/05\/Ferran-de-Alba-Arquitecte-tecnic-scaled.jpg\" class=\"attachment-full size-full wp-image-1243\" alt=\"\" srcset=\"https:\/\/faseconstrucciodecases.com\/wp-content\/uploads\/2024\/05\/Ferran-de-Alba-Arquitecte-tecnic-scaled.jpg 1707w, https:\/\/faseconstrucciodecases.com\/wp-content\/uploads\/2024\/05\/Ferran-de-Alba-Arquitecte-tecnic-200x300.jpg 200w, https:\/\/faseconstrucciodecases.com\/wp-content\/uploads\/2024\/05\/Ferran-de-Alba-Arquitecte-tecnic-683x1024.jpg 683w, https:\/\/faseconstrucciodecases.com\/wp-content\/uploads\/2024\/05\/Ferran-de-Alba-Arquitecte-tecnic-768x1152.jpg 768w, https:\/\/faseconstrucciodecases.com\/wp-content\/uploads\/2024\/05\/Ferran-de-Alba-Arquitecte-tecnic-1024x1536.jpg 1024w, https:\/\/faseconstrucciodecases.com\/wp-content\/uploads\/2024\/05\/Ferran-de-Alba-Arquitecte-tecnic-1365x2048.jpg 1365w, https:\/\/faseconstrucciodecases.com\/wp-content\/uploads\/2024\/05\/Ferran-de-Alba-Arquitecte-tecnic-8x12.jpg 8w\" sizes=\"(max-width: 1707px) 100vw, 1707px\" \/><\/figure><div class=\"elementor-image-box-content\"><h3 class=\"elementor-image-box-title\">Ferran de Alba<\/h3><p class=\"elementor-image-box-description\">Executive director of works and technical architect<\/p><\/div><\/div>\t\t\t\t<\/div>\n\t\t\t\t<\/div>\n\t\t\t\t<\/div>\n\t\t<div class=\"elementor-element elementor-element-3dab2b4 e-con-full e-flex e-con e-child\" data-id=\"3dab2b4\" data-element_type=\"container\" data-e-type=\"container\">\n\t\t\t\t<div class=\"elementor-element elementor-element-2ada98a elementor-position-top elementor-widget elementor-widget-image-box\" data-id=\"2ada98a\" data-element_type=\"widget\" data-e-type=\"widget\" data-widget_type=\"image-box.default\">\n\t\t\t\t<div class=\"elementor-widget-container\">\n\t\t\t\t\t<div class=\"elementor-image-box-wrapper\"><figure class=\"elementor-image-box-img\"><img loading=\"lazy\" decoding=\"async\" width=\"1707\" height=\"2560\" src=\"https:\/\/faseconstrucciodecases.com\/wp-content\/uploads\/2024\/05\/Jaume-Tane-Cap-dobra-scaled.jpg\" class=\"attachment-full size-full wp-image-1244\" alt=\"\" srcset=\"https:\/\/faseconstrucciodecases.com\/wp-content\/uploads\/2024\/05\/Jaume-Tane-Cap-dobra-scaled.jpg 1707w, https:\/\/faseconstrucciodecases.com\/wp-content\/uploads\/2024\/05\/Jaume-Tane-Cap-dobra-200x300.jpg 200w, https:\/\/faseconstrucciodecases.com\/wp-content\/uploads\/2024\/05\/Jaume-Tane-Cap-dobra-683x1024.jpg 683w, https:\/\/faseconstrucciodecases.com\/wp-content\/uploads\/2024\/05\/Jaume-Tane-Cap-dobra-768x1152.jpg 768w, https:\/\/faseconstrucciodecases.com\/wp-content\/uploads\/2024\/05\/Jaume-Tane-Cap-dobra-1024x1536.jpg 1024w, https:\/\/faseconstrucciodecases.com\/wp-content\/uploads\/2024\/05\/Jaume-Tane-Cap-dobra-1365x2048.jpg 1365w, https:\/\/faseconstrucciodecases.com\/wp-content\/uploads\/2024\/05\/Jaume-Tane-Cap-dobra-8x12.jpg 8w\" sizes=\"(max-width: 1707px) 100vw, 1707px\" \/><\/figure><div class=\"elementor-image-box-content\"><h3 class=\"elementor-image-box-title\">Jaume Tan\u00e9<\/h3><p class=\"elementor-image-box-description\">Head of works<\/p><\/div><\/div>\t\t\t\t<\/div>\n\t\t\t\t<\/div>\n\t\t\t\t<\/div>\n\t\t\t\t\t<\/div>\n\t\t\t\t<\/div>\n\t\t\t\t<\/div>\n\t\t\t\t<\/div>\n\t\t\t\t<section class=\"elementor-section elementor-top-section elementor-element elementor-element-0084494 elementor-section-boxed elementor-section-height-default elementor-section-height-default\" data-id=\"0084494\" data-element_type=\"section\" data-e-type=\"section\">\n\t\t\t\t\t\t<div class=\"elementor-container elementor-column-gap-default\">\n\t\t\t\t\t<div class=\"elementor-column elementor-col-100 elementor-top-column elementor-element elementor-element-52da94a\" data-id=\"52da94a\" data-element_type=\"column\" data-e-type=\"column\">\n\t\t\t<div class=\"elementor-widget-wrap elementor-element-populated\">\n\t\t\t\t\t\t<div class=\"elementor-element elementor-element-c43d79b elementor-invisible elementor-widget elementor-widget-text-editor\" data-id=\"c43d79b\" data-element_type=\"widget\" data-e-type=\"widget\" data-settings=\"{&quot;_animation&quot;:&quot;fadeInDown&quot;}\" data-widget_type=\"text-editor.default\">\n\t\t\t\t<div class=\"elementor-widget-container\">\n\t\t\t\t\t\t\t\t\t<div class=\"page\" title=\"Page 5\"><div class=\"layoutArea\"><div class=\"column\"><p>We have been in the world of architecture and construction for over 90 years.<\/p><\/div><\/div><\/div>\t\t\t\t\t\t\t\t<\/div>\n\t\t\t\t<\/div>\n\t\t\t\t\t<\/div>\n\t\t<\/div>\n\t\t\t\t\t<\/div>\n\t\t<\/section>\n\t\t\t\t<\/div>","protected":false},"excerpt":{"rendered":"<p>ARQUITECTURA I CONSTRUCCI\u00d3 A Fase apostem per una relaci\u00f3 de plena confian\u00e7a Perqu\u00e8 entenem que la majoria de vegades no \u00e9s f\u00e0cil con\u00e8ixer tots els processos, les normatives i els professionals la millor opci\u00f3 \u00e9s que ens contractis, aix\u00ed, sentir\u00e0s la tranqui\u0140litat de poder compartir els teus dubtes i necessitats amb nosaltres i et podrem [&hellip;]<\/p>\n","protected":false},"author":1,"featured_media":0,"parent":0,"menu_order":0,"comment_status":"closed","ping_status":"closed","template":"","meta":{"footnotes":""},"class_list":["post-40","page","type-page","status-publish","hentry"],"_links":{"self":[{"href":"https:\/\/faseconstrucciodecases.com\/en\/wp-json\/wp\/v2\/pages\/40","targetHints":{"allow":["GET"]}}],"collection":[{"href":"https:\/\/faseconstrucciodecases.com\/en\/wp-json\/wp\/v2\/pages"}],"about":[{"href":"https:\/\/faseconstrucciodecases.com\/en\/wp-json\/wp\/v2\/types\/page"}],"author":[{"embeddable":true,"href":"https:\/\/faseconstrucciodecases.com\/en\/wp-json\/wp\/v2\/users\/1"}],"replies":[{"embeddable":true,"href":"https:\/\/faseconstrucciodecases.com\/en\/wp-json\/wp\/v2\/comments?post=40"}],"version-history":[{"count":152,"href":"https:\/\/faseconstrucciodecases.com\/en\/wp-json\/wp\/v2\/pages\/40\/revisions"}],"predecessor-version":[{"id":1370,"href":"https:\/\/faseconstrucciodecases.com\/en\/wp-json\/wp\/v2\/pages\/40\/revisions\/1370"}],"wp:attachment":[{"href":"https:\/\/faseconstrucciodecases.com\/en\/wp-json\/wp\/v2\/media?parent=40"}],"curies":[{"name":"wp","href":"https:\/\/api.w.org\/{rel}","templated":true}]}}