{"id":622,"date":"2023-03-21T14:11:57","date_gmt":"2023-03-21T13:11:57","guid":{"rendered":"https:\/\/www.fasecm.com\/?page_id=622"},"modified":"2024-05-07T13:25:20","modified_gmt":"2024-05-07T11:25:20","slug":"politica-de-cookies","status":"publish","type":"page","link":"https:\/\/faseconstrucciodecases.com\/en\/politica-de-cookies\/","title":{"rendered":"Cookie policy"},"content":{"rendered":"<div data-elementor-type=\"wp-page\" data-elementor-id=\"622\" class=\"elementor elementor-622\" data-elementor-post-type=\"page\">\n\t\t\t\t\t\t<section class=\"elementor-section elementor-top-section elementor-element elementor-element-345be58 elementor-section-boxed elementor-section-height-default elementor-section-height-default\" data-id=\"345be58\" data-element_type=\"section\" data-e-type=\"section\">\n\t\t\t\t\t\t<div class=\"elementor-container elementor-column-gap-default\">\n\t\t\t\t\t<div class=\"elementor-column elementor-col-100 elementor-top-column elementor-element elementor-element-dd8fbd1\" data-id=\"dd8fbd1\" data-element_type=\"column\" data-e-type=\"column\">\n\t\t\t<div class=\"elementor-widget-wrap elementor-element-populated\">\n\t\t\t\t\t\t<div class=\"elementor-element elementor-element-87875ad elementor-widget elementor-widget-text-editor\" data-id=\"87875ad\" data-element_type=\"widget\" data-e-type=\"widget\" data-widget_type=\"text-editor.default\">\n\t\t\t\t<div class=\"elementor-widget-container\">\n\t\t\t\t\t\t\t\t\t<h2><strong>Cookie policy<\/strong><\/h2><p><strong>Use of Cookies<\/strong><br \/>This website uses technical cookies (small files with information that the server sends to the computer of the website user) in order to carry out certain functions considered necessary for the correct functioning and preview of the website. In any case, the cookies used are temporary, with the sole purpose of making navigation of the site more efficient, and disappear at the end of the user\u2019s session. Under no circumstances do these cookies themselves provide personal data and will not be used for the collection of such data.<br \/>Through using cookies, it is also possible for the server where the website is located to recognise the browser used by the user in order to make navigation easier, allowing, for example, users who have previously registered to access the areas, services, promotions or contests reserved exclusively for them without having to register on each visit. They may also be used to measure the audience or traffic parameters, monitor the progress and number of entries, etc. In these cases, the cookies used are technically non-essential but beneficial to the user.<br \/>The browser may be configured by the user to alert them of the reception of cookies and to prevent their installation on their computer. For further information, please consult the instructions of your browser.<\/p>\t\t\t\t\t\t\t\t<\/div>\n\t\t\t\t<\/div>\n\t\t\t\t\t<\/div>\n\t\t<\/div>\n\t\t\t\t\t<\/div>\n\t\t<\/section>\n\t\t\t\t<\/div>","protected":false},"excerpt":{"rendered":"<p>Pol\u00edtica de cookies \u00das de Cookies Pot ser que aquest lloc web utilitzi cookies t\u00e8cniques (petits arxius d\u2019informaci\u00f3 que el servidor envia a l\u2019ordinador de qui accedeix a la p\u00e0gina) per dur a terme determinades funcions que es consideren imprescindibles per al correcte funcionament i visualitzaci\u00f3 del web. Les cookies utilitzades tenen, en qualsevol cas, [&hellip;]<\/p>\n","protected":false},"author":1,"featured_media":0,"parent":0,"menu_order":0,"comment_status":"closed","ping_status":"closed","template":"elementor_header_footer","meta":{"footnotes":""},"class_list":["post-622","page","type-page","status-publish","hentry"],"_links":{"self":[{"href":"https:\/\/faseconstrucciodecases.com\/en\/wp-json\/wp\/v2\/pages\/622","targetHints":{"allow":["GET"]}}],"collection":[{"href":"https:\/\/faseconstrucciodecases.com\/en\/wp-json\/wp\/v2\/pages"}],"about":[{"href":"https:\/\/faseconstrucciodecases.com\/en\/wp-json\/wp\/v2\/types\/page"}],"author":[{"embeddable":true,"href":"https:\/\/faseconstrucciodecases.com\/en\/wp-json\/wp\/v2\/users\/1"}],"replies":[{"embeddable":true,"href":"https:\/\/faseconstrucciodecases.com\/en\/wp-json\/wp\/v2\/comments?post=622"}],"version-history":[{"count":5,"href":"https:\/\/faseconstrucciodecases.com\/en\/wp-json\/wp\/v2\/pages\/622\/revisions"}],"predecessor-version":[{"id":941,"href":"https:\/\/faseconstrucciodecases.com\/en\/wp-json\/wp\/v2\/pages\/622\/revisions\/941"}],"wp:attachment":[{"href":"https:\/\/faseconstrucciodecases.com\/en\/wp-json\/wp\/v2\/media?parent=622"}],"curies":[{"name":"wp","href":"https:\/\/api.w.org\/{rel}","templated":true}]}}