{"id":38,"date":"2023-02-23T13:11:55","date_gmt":"2023-02-23T12:11:55","guid":{"rendered":"https:\/\/www.fasecm.com\/?page_id=38"},"modified":"2024-05-21T11:08:30","modified_gmt":"2024-05-21T09:08:30","slug":"constructor","status":"publish","type":"page","link":"https:\/\/faseconstrucciodecases.com\/es\/constructor\/","title":{"rendered":"qu\u00e9 y c\u00f3mo"},"content":{"rendered":"\t\t<div data-elementor-type=\"wp-page\" data-elementor-id=\"38\" class=\"elementor elementor-38\" data-elementor-post-type=\"page\">\n\t\t\t\t\t\t<section class=\"elementor-section elementor-top-section elementor-element elementor-element-7bf6b43 elementor-section-full_width elementor-section-height-default elementor-section-height-default\" data-id=\"7bf6b43\" data-element_type=\"section\" data-e-type=\"section\" data-settings=\"{&quot;background_background&quot;:&quot;slideshow&quot;,&quot;background_slideshow_gallery&quot;:[{&quot;id&quot;:242,&quot;url&quot;:&quot;https:\\\/\\\/faseconstrucciodecases.com\\\/wp-content\\\/uploads\\\/2023\\\/02\\\/fase-constructioon-managament.jpg&quot;},{&quot;id&quot;:1029,&quot;url&quot;:&quot;https:\\\/\\\/faseconstrucciodecases.com\\\/wp-content\\\/uploads\\\/2024\\\/05\\\/FASE_Construccio_casa_09.jpg&quot;}],&quot;background_slideshow_slide_duration&quot;:3000,&quot;background_slideshow_ken_burns&quot;:&quot;yes&quot;,&quot;background_slideshow_loop&quot;:&quot;yes&quot;,&quot;background_slideshow_slide_transition&quot;:&quot;fade&quot;,&quot;background_slideshow_transition_duration&quot;:500,&quot;background_slideshow_ken_burns_zoom_direction&quot;:&quot;in&quot;}\">\n\t\t\t\t\t\t<div class=\"elementor-container elementor-column-gap-default\">\n\t\t\t\t\t<div class=\"elementor-column elementor-col-100 elementor-top-column elementor-element elementor-element-c687ba3\" data-id=\"c687ba3\" data-element_type=\"column\" data-e-type=\"column\">\n\t\t\t<div class=\"elementor-widget-wrap elementor-element-populated\">\n\t\t\t\t\t\t<div class=\"elementor-element elementor-element-b549079 elementor-widget elementor-widget-spacer\" data-id=\"b549079\" data-element_type=\"widget\" data-e-type=\"widget\" data-widget_type=\"spacer.default\">\n\t\t\t\t<div class=\"elementor-widget-container\">\n\t\t\t\t\t\t\t<div class=\"elementor-spacer\">\n\t\t\t<div class=\"elementor-spacer-inner\"><\/div>\n\t\t<\/div>\n\t\t\t\t\t\t<\/div>\n\t\t\t\t<\/div>\n\t\t\t\t\t<\/div>\n\t\t<\/div>\n\t\t\t\t\t<\/div>\n\t\t<\/section>\n\t\t\t\t<section class=\"elementor-section elementor-top-section elementor-element elementor-element-d0c5231 elementor-section-boxed elementor-section-height-default elementor-section-height-default\" data-id=\"d0c5231\" data-element_type=\"section\" data-e-type=\"section\">\n\t\t\t\t\t\t<div class=\"elementor-container elementor-column-gap-default\">\n\t\t\t\t\t<div class=\"elementor-column elementor-col-100 elementor-top-column elementor-element elementor-element-206a456\" data-id=\"206a456\" data-element_type=\"column\" data-e-type=\"column\">\n\t\t\t<div class=\"elementor-widget-wrap elementor-element-populated\">\n\t\t\t\t\t\t<div class=\"elementor-element elementor-element-d487d29 elementor-view-default elementor-invisible elementor-widget elementor-widget-icon\" data-id=\"d487d29\" data-element_type=\"widget\" data-e-type=\"widget\" data-settings=\"{&quot;_animation&quot;:&quot;zoomIn&quot;}\" data-widget_type=\"icon.default\">\n\t\t\t\t<div class=\"elementor-widget-container\">\n\t\t\t\t\t\t\t<div class=\"elementor-icon-wrapper\">\n\t\t\t<a class=\"elementor-icon\" href=\"https:\/\/www.instagram.com\/fasecm\/\" target=\"_blank\" rel=\"noopener\">\n\t\t\t<svg xmlns=\"http:\/\/www.w3.org\/2000\/svg\" id=\"a\" width=\"47.89\" height=\"53.87\" viewBox=\"0 0 47.89 53.87\"><path d=\"M35.66,15.61c-1.94-4.06-5.95-6.59-10.45-6.59-.17,0-.33,0-.49,.02-.16,0-.33-.02-.49-.02-4.5,0-8.51,2.52-10.45,6.59l-.13,.28-1.68,34.95h25.53l-1.68-34.95-.13-.28Z\"><\/path><\/svg>\t\t\t<\/a>\n\t\t<\/div>\n\t\t\t\t\t\t<\/div>\n\t\t\t\t<\/div>\n\t\t\t\t<div class=\"elementor-element elementor-element-5268299 elementor-widget__width-initial elementor-widget elementor-widget-heading\" data-id=\"5268299\" data-element_type=\"widget\" data-e-type=\"widget\" data-widget_type=\"heading.default\">\n\t\t\t\t<div class=\"elementor-widget-container\">\n\t\t\t\t\t<h1 class=\"elementor-heading-title elementor-size-default\">Som el teu arquitecte i el teu constructor a Girona i la Costa Brava, un equip de persones.<\/h1>\t\t\t\t<\/div>\n\t\t\t\t<\/div>\n\t\t\t\t<div class=\"elementor-element elementor-element-649544f elementor-invisible elementor-widget elementor-widget-text-editor\" data-id=\"649544f\" data-element_type=\"widget\" data-e-type=\"widget\" data-settings=\"{&quot;_animation&quot;:&quot;fadeIn&quot;,&quot;_animation_delay&quot;:700}\" data-widget_type=\"text-editor.default\">\n\t\t\t\t<div class=\"elementor-widget-container\">\n\t\t\t\t\t\t\t\t\t<p>Persones que, a trav\u00e9s de les seves especialitats t\u2019ajudaran a fer-te el cam\u00ed m\u00e9s planer<br \/>cap a la teva nova llar. L\u2019arquitecte, l\u2019arquitecte t\u00e8cnic i la dissenyadora hi som des del<br \/>principi de les fases del projecte, conjuntament amb la figura del constructor des de l\u2019inici<br \/>de l\u2019obra de casa teva i quedant-nos tots fins al final i m\u00e9s enll\u00e0. Tenim la capacitat de<br \/>guiar-te en totes les etapes del proc\u00e9s global que implica tot el projecte de construcci\u00f3<br \/>perqu\u00e8 la teva experi\u00e8ncia sigui un \u00e8xit.<\/p>\t\t\t\t\t\t\t\t<\/div>\n\t\t\t\t<\/div>\n\t\t\t\t\t<\/div>\n\t\t<\/div>\n\t\t\t\t\t<\/div>\n\t\t<\/section>\n\t\t\t\t<section class=\"elementor-section elementor-top-section elementor-element elementor-element-acbe724 elementor-section-full_width elementor-section-height-default elementor-section-height-default\" data-id=\"acbe724\" data-element_type=\"section\" data-e-type=\"section\">\n\t\t\t\t\t\t<div class=\"elementor-container elementor-column-gap-default\">\n\t\t\t\t\t<div class=\"elementor-column elementor-col-50 elementor-top-column elementor-element elementor-element-664b959\" data-id=\"664b959\" data-element_type=\"column\" data-e-type=\"column\">\n\t\t\t<div class=\"elementor-widget-wrap elementor-element-populated\">\n\t\t\t\t\t\t<div class=\"elementor-element elementor-element-cb0f741 elementor-invisible elementor-widget elementor-widget-image\" data-id=\"cb0f741\" data-element_type=\"widget\" data-e-type=\"widget\" data-settings=\"{&quot;_animation&quot;:&quot;fadeInLeft&quot;}\" data-widget_type=\"image.default\">\n\t\t\t\t<div class=\"elementor-widget-container\">\n\t\t\t\t\t\t\t\t\t\t\t\t\t\t\t<img fetchpriority=\"high\" decoding=\"async\" width=\"800\" height=\"528\" src=\"https:\/\/faseconstrucciodecases.com\/wp-content\/uploads\/2023\/02\/projecte-de-construccio-1024x676.jpg\" class=\"attachment-large size-large wp-image-250\" alt=\"arquitecte i constructor\" srcset=\"https:\/\/faseconstrucciodecases.com\/wp-content\/uploads\/2023\/02\/projecte-de-construccio-1024x676.jpg 1024w, https:\/\/faseconstrucciodecases.com\/wp-content\/uploads\/2023\/02\/projecte-de-construccio-300x198.jpg 300w, https:\/\/faseconstrucciodecases.com\/wp-content\/uploads\/2023\/02\/projecte-de-construccio-768x507.jpg 768w, https:\/\/faseconstrucciodecases.com\/wp-content\/uploads\/2023\/02\/projecte-de-construccio.jpg 1216w\" sizes=\"(max-width: 800px) 100vw, 800px\" \/>\t\t\t\t\t\t\t\t\t\t\t\t\t\t\t<\/div>\n\t\t\t\t<\/div>\n\t\t\t\t\t<\/div>\n\t\t<\/div>\n\t\t\t\t<div class=\"elementor-column elementor-col-50 elementor-top-column elementor-element elementor-element-a7ff08d\" data-id=\"a7ff08d\" data-element_type=\"column\" data-e-type=\"column\">\n\t\t\t<div class=\"elementor-widget-wrap elementor-element-populated\">\n\t\t\t\t\t\t<div class=\"elementor-element elementor-element-142f469 elementor-widget__width-initial elementor-widget elementor-widget-heading\" data-id=\"142f469\" data-element_type=\"widget\" data-e-type=\"widget\" data-widget_type=\"heading.default\">\n\t\t\t\t<div class=\"elementor-widget-container\">\n\t\t\t\t\t<h3 class=\"elementor-heading-title elementor-size-default\">Passos per construir una casa \u00fanica i 100% personalitzada amb nosaltres:<\/h3>\t\t\t\t<\/div>\n\t\t\t\t<\/div>\n\t\t\t\t<div class=\"elementor-element elementor-element-ecb9880 elementor-invisible elementor-widget elementor-widget-text-editor\" data-id=\"ecb9880\" data-element_type=\"widget\" data-e-type=\"widget\" data-settings=\"{&quot;_animation&quot;:&quot;fadeIn&quot;,&quot;_animation_delay&quot;:700}\" data-widget_type=\"text-editor.default\">\n\t\t\t\t<div class=\"elementor-widget-container\">\n\t\t\t\t\t\t\t\t\t<p><strong>1. <\/strong>T\u2019assessorem en l\u2019elecci\u00f3 del terreny i en la recerca de finan\u00e7ament<\/p><p><strong>2.<\/strong> Dissenyem la proposta de casa teva amb una valoraci\u00f3 aproximada<\/p><p><strong>3.<\/strong> Redactem el projecte definitiu amb el pressupost tancat<\/p><p><strong>4.<\/strong> Iniciem la construcci\u00f3 de casa teva<\/p><p><strong>5.<\/strong> Gestionem i supervisem l\u2019obra fins a l\u2019entrega de claus<\/p>\t\t\t\t\t\t\t\t<\/div>\n\t\t\t\t<\/div>\n\t\t\t\t\t<\/div>\n\t\t<\/div>\n\t\t\t\t\t<\/div>\n\t\t<\/section>\n\t\t\t\t<section class=\"elementor-section elementor-top-section elementor-element elementor-element-9760baf elementor-section-full_width animated-slow elementor-section-height-default elementor-section-height-default elementor-invisible\" data-id=\"9760baf\" data-element_type=\"section\" data-e-type=\"section\" data-settings=\"{&quot;animation&quot;:&quot;fadeIn&quot;}\">\n\t\t\t\t\t\t<div class=\"elementor-container elementor-column-gap-default\">\n\t\t\t\t\t<div class=\"elementor-column elementor-col-50 elementor-top-column elementor-element elementor-element-46ac1be\" data-id=\"46ac1be\" data-element_type=\"column\" data-e-type=\"column\" data-settings=\"{&quot;background_background&quot;:&quot;classic&quot;}\">\n\t\t\t<div class=\"elementor-widget-wrap elementor-element-populated\">\n\t\t\t\t\t\t<div class=\"elementor-element elementor-element-cbd87d7 elementor-invisible elementor-widget elementor-widget-text-editor\" data-id=\"cbd87d7\" data-element_type=\"widget\" data-e-type=\"widget\" data-settings=\"{&quot;_animation&quot;:&quot;fadeIn&quot;}\" data-widget_type=\"text-editor.default\">\n\t\t\t\t<div class=\"elementor-widget-container\">\n\t\t\t\t\t\t\t\t\t<h3>Constructor de proximitat i confian\u00e7a<\/h3>\t\t\t\t\t\t\t\t<\/div>\n\t\t\t\t<\/div>\n\t\t\t\t<div class=\"elementor-element elementor-element-9a9ce7e elementor-widget-divider--view-line elementor-widget elementor-widget-divider\" data-id=\"9a9ce7e\" data-element_type=\"widget\" data-e-type=\"widget\" data-widget_type=\"divider.default\">\n\t\t\t\t<div class=\"elementor-widget-container\">\n\t\t\t\t\t\t\t<div class=\"elementor-divider\">\n\t\t\t<span class=\"elementor-divider-separator\">\n\t\t\t\t\t\t<\/span>\n\t\t<\/div>\n\t\t\t\t\t\t<\/div>\n\t\t\t\t<\/div>\n\t\t\t\t<div class=\"elementor-element elementor-element-2d87e89 elementor-invisible elementor-widget elementor-widget-text-editor\" data-id=\"2d87e89\" data-element_type=\"widget\" data-e-type=\"widget\" data-settings=\"{&quot;_animation&quot;:&quot;fadeIn&quot;,&quot;_animation_delay&quot;:700}\" data-widget_type=\"text-editor.default\">\n\t\t\t\t<div class=\"elementor-widget-container\">\n\t\t\t\t\t\t\t\t\t<p>Nosaltres hem nascut, crescut i viscut aqu\u00ed i coneixem Girona i la Costa Brava com el palmell de la nostra m\u00e0. A m\u00e9s a m\u00e9s, portem m\u00e9s de 90 anys construint cases \u00faniques i a mida pels nostres clients. Disposem de tot un equip de professionals i podem assessorar-te amb coneixement i claredat. Els nostres assessors immobiliaris t\u2019ajudaran a trobar el terreny que s\u2019adapti a les teves necessitats i realitzaran tots els tr\u00e0mits i gestions administratives necess\u00e0ries durant tot el proc\u00e9s de compravenda. Aix\u00ed mateix, el nostre assessor hipotecari i financer et podr\u00e0 guiar en la recerca de finan\u00e7ament. Despr\u00e9s, l\u2019arquitecte dissenyar\u00e0 la primera proposta de casa teva amb una valoraci\u00f3 aproximada i s\u2019encarregar\u00e0 de la gesti\u00f3 de llic\u00e8ncies davant d\u2019organismes oficials, visats i permisos d\u2019obra. Tot seguit, redactar\u00e0 el projecte definitiu per tal d\u2019oferir-te un pressupost tancat.<\/p><p>En aquest punt \u00e9s on <strong>comen\u00e7a l\u2019obra de casa teva<\/strong> i FASE s\u2019ocupar\u00e0 de la gesti\u00f3 i la supervisi\u00f3 de tota la construcci\u00f3 controlant els terminis d\u2019execuci\u00f3 de totes les fases de l\u2019obra i fins al final.<\/p>\t\t\t\t\t\t\t\t<\/div>\n\t\t\t\t<\/div>\n\t\t\t\t\t<\/div>\n\t\t<\/div>\n\t\t\t\t<div class=\"elementor-column elementor-col-50 elementor-top-column elementor-element elementor-element-908d087\" data-id=\"908d087\" data-element_type=\"column\" data-e-type=\"column\" data-settings=\"{&quot;background_background&quot;:&quot;classic&quot;}\">\n\t\t\t<div class=\"elementor-widget-wrap elementor-element-populated\">\n\t\t\t\t\t\t<div class=\"elementor-element elementor-element-af4bb15 elementor-widget elementor-widget-spacer\" data-id=\"af4bb15\" data-element_type=\"widget\" data-e-type=\"widget\" data-widget_type=\"spacer.default\">\n\t\t\t\t<div class=\"elementor-widget-container\">\n\t\t\t\t\t\t\t<div class=\"elementor-spacer\">\n\t\t\t<div class=\"elementor-spacer-inner\"><\/div>\n\t\t<\/div>\n\t\t\t\t\t\t<\/div>\n\t\t\t\t<\/div>\n\t\t\t\t\t<\/div>\n\t\t<\/div>\n\t\t\t\t\t<\/div>\n\t\t<\/section>\n\t\t\t\t<section class=\"elementor-section elementor-top-section elementor-element elementor-element-5b3d6a5 elementor-section-full_width animated-slow elementor-section-height-default elementor-section-height-default elementor-invisible\" data-id=\"5b3d6a5\" data-element_type=\"section\" data-e-type=\"section\" data-settings=\"{&quot;animation&quot;:&quot;fadeIn&quot;}\">\n\t\t\t\t\t\t<div class=\"elementor-container elementor-column-gap-default\">\n\t\t\t\t\t<div class=\"elementor-column elementor-col-50 elementor-top-column elementor-element elementor-element-f02dc4b\" data-id=\"f02dc4b\" data-element_type=\"column\" data-e-type=\"column\" data-settings=\"{&quot;background_background&quot;:&quot;slideshow&quot;,&quot;background_slideshow_gallery&quot;:[{&quot;id&quot;:1038,&quot;url&quot;:&quot;https:\\\/\\\/faseconstrucciodecases.com\\\/wp-content\\\/uploads\\\/2024\\\/05\\\/FASE_Construccio_casa_012.jpg&quot;},{&quot;id&quot;:1037,&quot;url&quot;:&quot;https:\\\/\\\/faseconstrucciodecases.com\\\/wp-content\\\/uploads\\\/2024\\\/05\\\/FASE_Construccio_casa_011.jpg&quot;}],&quot;background_slideshow_slide_duration&quot;:2000,&quot;background_slideshow_loop&quot;:&quot;yes&quot;,&quot;background_slideshow_slide_transition&quot;:&quot;fade&quot;,&quot;background_slideshow_transition_duration&quot;:500}\">\n\t\t\t<div class=\"elementor-widget-wrap elementor-element-populated\">\n\t\t\t\t\t\t<div class=\"elementor-element elementor-element-d652d1b elementor-widget elementor-widget-spacer\" data-id=\"d652d1b\" data-element_type=\"widget\" data-e-type=\"widget\" data-widget_type=\"spacer.default\">\n\t\t\t\t<div class=\"elementor-widget-container\">\n\t\t\t\t\t\t\t<div class=\"elementor-spacer\">\n\t\t\t<div class=\"elementor-spacer-inner\"><\/div>\n\t\t<\/div>\n\t\t\t\t\t\t<\/div>\n\t\t\t\t<\/div>\n\t\t\t\t\t<\/div>\n\t\t<\/div>\n\t\t\t\t<div class=\"elementor-column elementor-col-50 elementor-top-column elementor-element elementor-element-fecd5c9\" data-id=\"fecd5c9\" data-element_type=\"column\" data-e-type=\"column\" data-settings=\"{&quot;background_background&quot;:&quot;classic&quot;}\">\n\t\t\t<div class=\"elementor-widget-wrap elementor-element-populated\">\n\t\t\t\t\t\t<div class=\"elementor-element elementor-element-fe46be8 elementor-invisible elementor-widget elementor-widget-text-editor\" data-id=\"fe46be8\" data-element_type=\"widget\" data-e-type=\"widget\" data-settings=\"{&quot;_animation&quot;:&quot;fadeIn&quot;}\" data-widget_type=\"text-editor.default\">\n\t\t\t\t<div class=\"elementor-widget-container\">\n\t\t\t\t\t\t\t\t\t<h3>Estem presents durant tot el proc\u00e9s<\/h3>\t\t\t\t\t\t\t\t<\/div>\n\t\t\t\t<\/div>\n\t\t\t\t<div class=\"elementor-element elementor-element-8977f67 elementor-widget-divider--view-line elementor-widget elementor-widget-divider\" data-id=\"8977f67\" data-element_type=\"widget\" data-e-type=\"widget\" data-widget_type=\"divider.default\">\n\t\t\t\t<div class=\"elementor-widget-container\">\n\t\t\t\t\t\t\t<div class=\"elementor-divider\">\n\t\t\t<span class=\"elementor-divider-separator\">\n\t\t\t\t\t\t<\/span>\n\t\t<\/div>\n\t\t\t\t\t\t<\/div>\n\t\t\t\t<\/div>\n\t\t\t\t<div class=\"elementor-element elementor-element-c04ecab elementor-invisible elementor-widget elementor-widget-text-editor\" data-id=\"c04ecab\" data-element_type=\"widget\" data-e-type=\"widget\" data-settings=\"{&quot;_animation&quot;:&quot;fadeIn&quot;,&quot;_animation_delay&quot;:700}\" data-widget_type=\"text-editor.default\">\n\t\t\t\t<div class=\"elementor-widget-container\">\n\t\t\t\t\t\t\t\t\t<p><span lang=\"CA\">Dominem la vessant t\u00e8cnica amb el nostre equip d\u2019arquitectes i arquitectes t\u00e8cnics, la vessant creativa amb el nostre equip de dissenyadors i interioristes i la vessant administrativa amb el nostre equip de gestors i administradors. <\/span><\/p><div><p>Tot aix\u00f2 ja t\u2019estalvia haver de con\u00e8ixer un munt de lleis, procediments i d\u2019haver de fer les gestions tu mateix perqu\u00e8 a FASE estem amb tu des de les primeres reunions inicials i fins a l\u2019acabament de l\u2019obra. Amb la seguretat que comporta tenir sempre el vostre equip constructor de professionals amb total confian\u00e7a. Deixar tot el proc\u00e9s a les nostres mans \u00e9s tenir la seguretat de prendre bones decisions, d\u2019estalvi de temps i de que, al final, casa teva sigui \u00fanica, singular i 100% ajustada a tu, 100% a mida.<\/p><\/div><div><strong>Alhora, el nostre equip us anir\u00e0 <a href=\"\/trobem-nos\">informant<\/a> constantment de tots els passos que s\u2019estiguin donant i tots els que s\u2019hagin de seguir i t\u2019acompanyarem en l\u2019evoluci\u00f3 de tota la construcci\u00f3 de casa teva.<\/strong><\/div>\t\t\t\t\t\t\t\t<\/div>\n\t\t\t\t<\/div>\n\t\t\t\t\t<\/div>\n\t\t<\/div>\n\t\t\t\t\t<\/div>\n\t\t<\/section>\n\t\t\t\t<section class=\"elementor-section elementor-top-section elementor-element elementor-element-564dfb6 elementor-section-boxed elementor-section-height-default elementor-section-height-default elementor-invisible\" data-id=\"564dfb6\" data-element_type=\"section\" data-e-type=\"section\" data-settings=\"{&quot;animation&quot;:&quot;fadeIn&quot;}\">\n\t\t\t\t\t\t<div class=\"elementor-container elementor-column-gap-default\">\n\t\t\t\t\t<div class=\"elementor-column elementor-col-100 elementor-top-column elementor-element elementor-element-9bc5512\" data-id=\"9bc5512\" data-element_type=\"column\" data-e-type=\"column\">\n\t\t\t<div class=\"elementor-widget-wrap elementor-element-populated\">\n\t\t\t\t\t\t<div class=\"elementor-element elementor-element-2a0f5c7 elementor-widget elementor-widget-heading\" data-id=\"2a0f5c7\" data-element_type=\"widget\" data-e-type=\"widget\" data-widget_type=\"heading.default\">\n\t\t\t\t<div class=\"elementor-widget-container\">\n\t\t\t\t\t<h4 class=\"elementor-heading-title elementor-size-default\">M\u00e9s de 90 anys d\u2019experi\u00e8ncia com a constructor de cases \u00faniques i acompanyant a les persones en\ntot el proc\u00e9s<\/h4>\t\t\t\t<\/div>\n\t\t\t\t<\/div>\n\t\t\t\t\t<\/div>\n\t\t<\/div>\n\t\t\t\t\t<\/div>\n\t\t<\/section>\n\t\t\t\t<section class=\"elementor-section elementor-top-section elementor-element elementor-element-aed84c0 elementor-section-full_width elementor-section-height-default elementor-section-height-default elementor-invisible\" data-id=\"aed84c0\" data-element_type=\"section\" data-e-type=\"section\" data-settings=\"{&quot;animation&quot;:&quot;fadeIn&quot;}\">\n\t\t\t\t\t\t<div class=\"elementor-container elementor-column-gap-default\">\n\t\t\t\t\t<div class=\"elementor-column elementor-col-50 elementor-top-column elementor-element elementor-element-b2ca6d2\" data-id=\"b2ca6d2\" data-element_type=\"column\" data-e-type=\"column\">\n\t\t\t<div class=\"elementor-widget-wrap elementor-element-populated\">\n\t\t\t\t\t\t<div class=\"elementor-element elementor-element-ea4b1b6 elementor-widget elementor-widget-heading\" data-id=\"ea4b1b6\" data-element_type=\"widget\" data-e-type=\"widget\" data-widget_type=\"heading.default\">\n\t\t\t\t<div class=\"elementor-widget-container\">\n\t\t\t\t\t<h5 class=\"elementor-heading-title elementor-size-default\">Est\u00e0s pensant en rehabilitar o reformar una casa o un pis?<\/h5>\t\t\t\t<\/div>\n\t\t\t\t<\/div>\n\t\t\t\t\t<\/div>\n\t\t<\/div>\n\t\t\t\t<div class=\"elementor-column elementor-col-50 elementor-top-column elementor-element elementor-element-a6119bb\" data-id=\"a6119bb\" data-element_type=\"column\" data-e-type=\"column\">\n\t\t\t<div class=\"elementor-widget-wrap elementor-element-populated\">\n\t\t\t\t\t\t<div class=\"elementor-element elementor-element-31b1849 elementor-invisible elementor-widget elementor-widget-text-editor\" data-id=\"31b1849\" data-element_type=\"widget\" data-e-type=\"widget\" data-settings=\"{&quot;_animation&quot;:&quot;fadeIn&quot;,&quot;_animation_delay&quot;:700}\" data-widget_type=\"text-editor.default\">\n\t\t\t\t<div class=\"elementor-widget-container\">\n\t\t\t\t\t\t\t\t\t<p>Si el teu objectiu \u00e9s rehabilitar o reformar una casa o pis i, per exemple, m\u00e9s endavant, posar-lo a la venda o a lloguer tamb\u00e9 et podem acompanyar i gestionar tot aquest proc\u00e9s.<\/p>\t\t\t\t\t\t\t\t<\/div>\n\t\t\t\t<\/div>\n\t\t\t\t<div class=\"elementor-element elementor-element-d138df0 elementor-align-left elementor-invisible elementor-widget elementor-widget-button\" data-id=\"d138df0\" data-element_type=\"widget\" data-e-type=\"widget\" data-settings=\"{&quot;_animation&quot;:&quot;fadeInUp&quot;}\" data-widget_type=\"button.default\">\n\t\t\t\t<div class=\"elementor-widget-container\">\n\t\t\t\t\t\t\t\t\t<div class=\"elementor-button-wrapper\">\n\t\t\t\t\t<a class=\"elementor-button elementor-button-link elementor-size-sm elementor-animation-grow\" href=\"https:\/\/faseconstrucciodecases.com\/trobem-nos\/\">\n\t\t\t\t\t\t<span class=\"elementor-button-content-wrapper\">\n\t\t\t\t\t\t\t\t\t<span class=\"elementor-button-text\">CONTACTA'NS<\/span>\n\t\t\t\t\t<\/span>\n\t\t\t\t\t<\/a>\n\t\t\t\t<\/div>\n\t\t\t\t\t\t\t\t<\/div>\n\t\t\t\t<\/div>\n\t\t\t\t\t<\/div>\n\t\t<\/div>\n\t\t\t\t\t<\/div>\n\t\t<\/section>\n\t\t\t\t<\/div>\n\t\t","protected":false},"excerpt":{"rendered":"<p>Som el teu arquitecte i el teu constructor a Girona i la Costa Brava, un equip de persones. Persones que, a trav\u00e9s de les seves especialitats t\u2019ajudaran a fer-te el cam\u00ed m\u00e9s planercap a la teva nova llar. L\u2019arquitecte, l\u2019arquitecte t\u00e8cnic i la dissenyadora hi som des delprincipi de les fases del projecte, conjuntament amb [&hellip;]<\/p>\n","protected":false},"author":1,"featured_media":0,"parent":0,"menu_order":0,"comment_status":"closed","ping_status":"closed","template":"","meta":{"footnotes":""},"class_list":["post-38","page","type-page","status-publish","hentry"],"_links":{"self":[{"href":"https:\/\/faseconstrucciodecases.com\/es\/wp-json\/wp\/v2\/pages\/38","targetHints":{"allow":["GET"]}}],"collection":[{"href":"https:\/\/faseconstrucciodecases.com\/es\/wp-json\/wp\/v2\/pages"}],"about":[{"href":"https:\/\/faseconstrucciodecases.com\/es\/wp-json\/wp\/v2\/types\/page"}],"author":[{"embeddable":true,"href":"https:\/\/faseconstrucciodecases.com\/es\/wp-json\/wp\/v2\/users\/1"}],"replies":[{"embeddable":true,"href":"https:\/\/faseconstrucciodecases.com\/es\/wp-json\/wp\/v2\/comments?post=38"}],"version-history":[{"count":180,"href":"https:\/\/faseconstrucciodecases.com\/es\/wp-json\/wp\/v2\/pages\/38\/revisions"}],"predecessor-version":[{"id":1319,"href":"https:\/\/faseconstrucciodecases.com\/es\/wp-json\/wp\/v2\/pages\/38\/revisions\/1319"}],"wp:attachment":[{"href":"https:\/\/faseconstrucciodecases.com\/es\/wp-json\/wp\/v2\/media?parent=38"}],"curies":[{"name":"wp","href":"https:\/\/api.w.org\/{rel}","templated":true}]}}