{"id":622,"date":"2023-03-21T14:11:57","date_gmt":"2023-03-21T13:11:57","guid":{"rendered":"https:\/\/www.fasecm.com\/?page_id=622"},"modified":"2024-05-07T13:25:20","modified_gmt":"2024-05-07T11:25:20","slug":"politica-de-cookies","status":"publish","type":"page","link":"https:\/\/faseconstrucciodecases.com\/es\/politica-de-cookies\/","title":{"rendered":"Pol\u00edtica de cookies"},"content":{"rendered":"<div data-elementor-type=\"wp-page\" data-elementor-id=\"622\" class=\"elementor elementor-622\" data-elementor-post-type=\"page\">\n\t\t\t\t\t\t<section class=\"elementor-section elementor-top-section elementor-element elementor-element-345be58 elementor-section-boxed elementor-section-height-default elementor-section-height-default\" data-id=\"345be58\" data-element_type=\"section\" data-e-type=\"section\">\n\t\t\t\t\t\t<div class=\"elementor-container elementor-column-gap-default\">\n\t\t\t\t\t<div class=\"elementor-column elementor-col-100 elementor-top-column elementor-element elementor-element-dd8fbd1\" data-id=\"dd8fbd1\" data-element_type=\"column\" data-e-type=\"column\">\n\t\t\t<div class=\"elementor-widget-wrap elementor-element-populated\">\n\t\t\t\t\t\t<div class=\"elementor-element elementor-element-87875ad elementor-widget elementor-widget-text-editor\" data-id=\"87875ad\" data-element_type=\"widget\" data-e-type=\"widget\" data-widget_type=\"text-editor.default\">\n\t\t\t\t<div class=\"elementor-widget-container\">\n\t\t\t\t\t\t\t\t\t<h2><strong>Pol\u00edtica de cookies<\/strong><\/h2><p><strong>Uso de Cookies<\/strong><br \/>Este sitio web puede utilizar cookies te\u0301cnicas (pequen\u0303os archivos de informacio\u0301n que el servidor envi\u0301a al ordenador de quien accede a la pa\u0301gina) para llevar a cabo determinadas funciones que son consideradas imprescindibles para el correcto funcionamiento y visualizacio\u0301n del sitio. Las cookies utilizadas tienen, en todo caso, cara\u0301cter temporal, con la u\u0301nica finalidad de hacer ma\u0301s eficaz la navegacio\u0301n, y desaparecen al terminar la sesio\u0301n del usuario. En ningu\u0301n caso, estas cookies proporcionan por si\u0301 mismas datos de cara\u0301cter personal y no se utilizara\u0301n para la recogida de los mismos.<br \/>Mediante el uso de cookies tambie\u0301n es posible que el servidor donde se encuentra la web reconozca el navegador utilizado por el usuario con la finalidad de que la navegacio\u0301n sea ma\u0301s sencilla, permitiendo, por ejemplo, el acceso de los usuarios que se hayan registrado previamente a las a\u0301reas, servicios, promociones o concursos reservados exclusivamente a ellos sin tener que registrarse en cada visita. Tambie\u0301n se pueden utilizar para medir la audiencia, para\u0301metros de tra\u0301fico, controlar el progreso y nu\u0301mero de entradas, etc., siendo en estos casos cookies prescindibles te\u0301cnicamente, pero beneficiosas para el usuario. Este sitio web no instalara\u0301cookies prescindibles sin el consentimiento previo del usuario.<br \/>El usuario tiene la posibilidad de configurar su navegador para ser alertado de la recepcio\u0301n de cookies y para impedir su instalacio\u0301n en su equipo. Por favor, consulte las instrucciones de su navegador para ampliar esta informacio\u0301n.<\/p>\t\t\t\t\t\t\t\t<\/div>\n\t\t\t\t<\/div>\n\t\t\t\t\t<\/div>\n\t\t<\/div>\n\t\t\t\t\t<\/div>\n\t\t<\/section>\n\t\t\t\t<\/div>","protected":false},"excerpt":{"rendered":"<p>Pol\u00edtica de cookies \u00das de Cookies Pot ser que aquest lloc web utilitzi cookies t\u00e8cniques (petits arxius d\u2019informaci\u00f3 que el servidor envia a l\u2019ordinador de qui accedeix a la p\u00e0gina) per dur a terme determinades funcions que es consideren imprescindibles per al correcte funcionament i visualitzaci\u00f3 del web. Les cookies utilitzades tenen, en qualsevol cas, [&hellip;]<\/p>\n","protected":false},"author":1,"featured_media":0,"parent":0,"menu_order":0,"comment_status":"closed","ping_status":"closed","template":"elementor_header_footer","meta":{"footnotes":""},"class_list":["post-622","page","type-page","status-publish","hentry"],"_links":{"self":[{"href":"https:\/\/faseconstrucciodecases.com\/es\/wp-json\/wp\/v2\/pages\/622","targetHints":{"allow":["GET"]}}],"collection":[{"href":"https:\/\/faseconstrucciodecases.com\/es\/wp-json\/wp\/v2\/pages"}],"about":[{"href":"https:\/\/faseconstrucciodecases.com\/es\/wp-json\/wp\/v2\/types\/page"}],"author":[{"embeddable":true,"href":"https:\/\/faseconstrucciodecases.com\/es\/wp-json\/wp\/v2\/users\/1"}],"replies":[{"embeddable":true,"href":"https:\/\/faseconstrucciodecases.com\/es\/wp-json\/wp\/v2\/comments?post=622"}],"version-history":[{"count":5,"href":"https:\/\/faseconstrucciodecases.com\/es\/wp-json\/wp\/v2\/pages\/622\/revisions"}],"predecessor-version":[{"id":941,"href":"https:\/\/faseconstrucciodecases.com\/es\/wp-json\/wp\/v2\/pages\/622\/revisions\/941"}],"wp:attachment":[{"href":"https:\/\/faseconstrucciodecases.com\/es\/wp-json\/wp\/v2\/media?parent=622"}],"curies":[{"name":"wp","href":"https:\/\/api.w.org\/{rel}","templated":true}]}}